{"id":3514,"date":"2025-04-01T08:18:57","date_gmt":"2025-04-01T08:18:57","guid":{"rendered":"https:\/\/bodyclinic-cannes.creare-siteweb.ro\/?page_id=3514"},"modified":"2025-07-16T08:07:49","modified_gmt":"2025-07-16T08:07:49","slug":"emerald-laser","status":"publish","type":"page","link":"https:\/\/bodyclinic-cannes.com\/en\/emerald-laser\/","title":{"rendered":"Emerald Laser"},"content":{"rendered":"<div data-elementor-type=\"wp-page\" data-elementor-id=\"3514\" class=\"elementor elementor-3514\" data-elementor-post-type=\"page\">\n\t\t\t\t\t\t<section class=\"ob-is-breaking-bad elementor-section elementor-top-section elementor-element elementor-element-83d9f0e elementor-section-full_width elementor-section-height-default elementor-section-height-default\" data-id=\"83d9f0e\" data-element_type=\"section\" data-settings=\"{&quot;background_background&quot;:&quot;classic&quot;,&quot;background_motion_fx_motion_fx_scrolling&quot;:&quot;yes&quot;,&quot;background_motion_fx_scale_effect&quot;:&quot;yes&quot;,&quot;background_motion_fx_scale_speed&quot;:{&quot;unit&quot;:&quot;px&quot;,&quot;size&quot;:2,&quot;sizes&quot;:[]},&quot;background_motion_fx_scale_range&quot;:{&quot;unit&quot;:&quot;%&quot;,&quot;size&quot;:&quot;&quot;,&quot;sizes&quot;:{&quot;start&quot;:53,&quot;end&quot;:87}},&quot;_ob_bbad_use_it&quot;:&quot;yes&quot;,&quot;_ob_bbad_sssic_use&quot;:&quot;no&quot;,&quot;_ob_glider_is_slider&quot;:&quot;no&quot;,&quot;background_motion_fx_scale_direction&quot;:&quot;out-in&quot;,&quot;background_motion_fx_devices&quot;:[&quot;desktop&quot;,&quot;tablet&quot;,&quot;mobile&quot;]}\">\n\t\t\t\t\t\t<div class=\"elementor-container elementor-column-gap-default\">\n\t\t\t\t\t<div class=\"elementor-column elementor-col-50 elementor-top-column elementor-element elementor-element-f7ebef0\" data-id=\"f7ebef0\" data-element_type=\"column\" data-settings=\"{&quot;motion_fx_motion_fx_scrolling&quot;:&quot;yes&quot;,&quot;motion_fx_translateY_effect&quot;:&quot;yes&quot;,&quot;motion_fx_translateY_speed&quot;:{&quot;unit&quot;:&quot;px&quot;,&quot;size&quot;:2,&quot;sizes&quot;:[]},&quot;motion_fx_devices&quot;:[&quot;desktop&quot;],&quot;_ob_bbad_is_stalker&quot;:&quot;no&quot;,&quot;_ob_teleporter_use&quot;:false,&quot;_ob_column_hoveranimator&quot;:&quot;no&quot;,&quot;_ob_column_has_pseudo&quot;:&quot;no&quot;,&quot;motion_fx_translateY_affectedRange&quot;:{&quot;unit&quot;:&quot;%&quot;,&quot;size&quot;:&quot;&quot;,&quot;sizes&quot;:{&quot;start&quot;:0,&quot;end&quot;:100}}}\">\n\t\t\t<div class=\"elementor-widget-wrap elementor-element-populated\">\n\t\t\t\t\t\t<div class=\"elementor-element elementor-element-03b118e ob-harakiri-inherit ob-has-background-overlay elementor-widget elementor-widget-heading\" data-id=\"03b118e\" data-element_type=\"widget\" data-settings=\"{&quot;_ob_use_harakiri&quot;:&quot;yes&quot;,&quot;_ob_harakiri_writing_mode&quot;:&quot;inherit&quot;,&quot;_ob_harakiri_text_clip&quot;:&quot;none&quot;,&quot;_ob_perspektive_use&quot;:&quot;no&quot;,&quot;_ob_poopart_use&quot;:&quot;yes&quot;,&quot;_ob_shadough_use&quot;:&quot;no&quot;,&quot;_ob_allow_hoveranimator&quot;:&quot;no&quot;,&quot;_ob_widget_stalker_use&quot;:&quot;no&quot;}\" data-widget_type=\"heading.default\">\n\t\t\t\t<div class=\"elementor-widget-container\">\n\t\t\t\t\t<h1 class=\"elementor-heading-title elementor-size-default\">Emerald Laser\n<\/h1>\t\t\t\t<\/div>\n\t\t\t\t<\/div>\n\t\t\t\t<div class=\"elementor-element elementor-element-7a56d91 ob-harakiri-inherit ob-has-background-overlay elementor-widget elementor-widget-heading\" data-id=\"7a56d91\" data-element_type=\"widget\" data-settings=\"{&quot;_ob_use_harakiri&quot;:&quot;yes&quot;,&quot;_ob_harakiri_writing_mode&quot;:&quot;inherit&quot;,&quot;_ob_harakiri_text_clip&quot;:&quot;none&quot;,&quot;_ob_perspektive_use&quot;:&quot;no&quot;,&quot;_ob_poopart_use&quot;:&quot;yes&quot;,&quot;_ob_shadough_use&quot;:&quot;no&quot;,&quot;_ob_allow_hoveranimator&quot;:&quot;no&quot;,&quot;_ob_widget_stalker_use&quot;:&quot;no&quot;}\" data-widget_type=\"heading.default\">\n\t\t\t\t<div class=\"elementor-widget-container\">\n\t\t\t\t\t<h2 class=\"elementor-heading-title elementor-size-default\">Traitement corporel 360\u00b0\n\n\n\n<\/h2>\t\t\t\t<\/div>\n\t\t\t\t<\/div>\n\t\t\t\t<div class=\"elementor-element elementor-element-50af485 ob-harakiri-inherit ob-has-background-overlay elementor-widget elementor-widget-text-editor\" data-id=\"50af485\" data-element_type=\"widget\" data-settings=\"{&quot;_ob_use_harakiri&quot;:&quot;yes&quot;,&quot;_ob_harakiri_writing_mode&quot;:&quot;inherit&quot;,&quot;_ob_postman_use&quot;:&quot;no&quot;,&quot;_ob_perspektive_use&quot;:&quot;no&quot;,&quot;_ob_poopart_use&quot;:&quot;yes&quot;,&quot;_ob_shadough_use&quot;:&quot;no&quot;,&quot;_ob_allow_hoveranimator&quot;:&quot;no&quot;,&quot;_ob_widget_stalker_use&quot;:&quot;no&quot;}\" data-widget_type=\"text-editor.default\">\n\t\t\t\t<div class=\"elementor-widget-container\">\n\t\t\t\t\t\t\t\t\t<div class=\"fusion-layout-column fusion_builder_column fusion-builder-column-3 fusion_builder_column_1_2 1_2 fusion-flex-column\"><div class=\"fusion-column-wrapper fusion-column-has-shadow fusion-flex-justify-content-flex-start fusion-content-layout-column\"><div class=\"fusion-text fusion-text-3\"><p>It is a revolutionary method for treating incontinence and helping to regain self-confidence. This exclusive technology in France, available at Body Clinic in Cannes, is transforming the field of intimate health and female well-being by offering a completely non-invasive solution for those suffering from incontinence or seeking postpartum rehabilitation.<\/p><\/div><\/div><\/div><div class=\"fusion-layout-column fusion_builder_column fusion-builder-column-4 fusion_builder_column_1_2 1_2 fusion-flex-column\"><div class=\"fusion-column-wrapper fusion-column-has-shadow fusion-flex-justify-content-flex-start fusion-content-layout-column\">\u00a0<\/div><\/div>\t\t\t\t\t\t\t\t<\/div>\n\t\t\t\t<\/div>\n\t\t\t\t\t<\/div>\n\t\t<\/div>\n\t\t\t\t<div class=\"elementor-column elementor-col-50 elementor-top-column elementor-element elementor-element-b80d052\" data-id=\"b80d052\" data-element_type=\"column\" data-settings=\"{&quot;_ob_bbad_is_stalker&quot;:&quot;no&quot;,&quot;_ob_teleporter_use&quot;:false,&quot;_ob_column_hoveranimator&quot;:&quot;no&quot;,&quot;_ob_column_has_pseudo&quot;:&quot;no&quot;}\">\n\t\t\t<div class=\"elementor-widget-wrap elementor-element-populated\">\n\t\t\t\t\t\t<div class=\"elementor-element elementor-element-158c2ff ob-has-background-overlay elementor-widget elementor-widget-image\" data-id=\"158c2ff\" data-element_type=\"widget\" data-settings=\"{&quot;_ob_photomorph_use&quot;:&quot;no&quot;,&quot;_ob_perspektive_use&quot;:&quot;no&quot;,&quot;_ob_poopart_use&quot;:&quot;yes&quot;,&quot;_ob_shadough_use&quot;:&quot;no&quot;,&quot;_ob_allow_hoveranimator&quot;:&quot;no&quot;,&quot;_ob_widget_stalker_use&quot;:&quot;no&quot;}\" data-widget_type=\"image.default\">\n\t\t\t\t<div class=\"elementor-widget-container\">\n\t\t\t\t\t\t\t\t\t\t\t\t\t\t\t<img fetchpriority=\"high\" decoding=\"async\" width=\"908\" height=\"632\" src=\"https:\/\/bodyclinic-cannes.com\/wp-content\/uploads\/2025\/04\/image-16.png\" class=\"attachment-large size-large wp-image-3515\" alt=\"\" srcset=\"https:\/\/bodyclinic-cannes.com\/wp-content\/uploads\/2025\/04\/image-16.png 908w, https:\/\/bodyclinic-cannes.com\/wp-content\/uploads\/2025\/04\/image-16-300x209.png 300w, https:\/\/bodyclinic-cannes.com\/wp-content\/uploads\/2025\/04\/image-16-768x535.png 768w, https:\/\/bodyclinic-cannes.com\/wp-content\/uploads\/2025\/04\/image-16-600x418.png 600w\" sizes=\"(max-width: 908px) 100vw, 908px\" \/>\t\t\t\t\t\t\t\t\t\t\t\t\t\t\t<\/div>\n\t\t\t\t<\/div>\n\t\t\t\t\t<\/div>\n\t\t<\/div>\n\t\t\t\t\t<\/div>\n\t\t<\/section>\n\t\t\t\t<section class=\"ob-is-breaking-bad elementor-section elementor-top-section elementor-element elementor-element-f39cd19 elementor-section-full_width elementor-section-height-default elementor-section-height-default\" data-id=\"f39cd19\" data-element_type=\"section\" data-settings=\"{&quot;background_background&quot;:&quot;classic&quot;,&quot;background_motion_fx_motion_fx_scrolling&quot;:&quot;yes&quot;,&quot;_ob_bbad_use_it&quot;:&quot;yes&quot;,&quot;_ob_bbad_sssic_use&quot;:&quot;no&quot;,&quot;_ob_glider_is_slider&quot;:&quot;no&quot;,&quot;background_motion_fx_devices&quot;:[&quot;desktop&quot;,&quot;tablet&quot;,&quot;mobile&quot;]}\">\n\t\t\t\t\t\t<div class=\"elementor-container elementor-column-gap-default\">\n\t\t\t\t\t<div class=\"elementor-column elementor-col-100 elementor-top-column elementor-element elementor-element-2e14cc6\" data-id=\"2e14cc6\" data-element_type=\"column\" data-settings=\"{&quot;_ob_bbad_is_stalker&quot;:&quot;no&quot;,&quot;_ob_teleporter_use&quot;:false,&quot;_ob_column_hoveranimator&quot;:&quot;no&quot;,&quot;_ob_column_has_pseudo&quot;:&quot;no&quot;}\">\n\t\t\t<div class=\"elementor-widget-wrap elementor-element-populated\">\n\t\t\t\t\t\t<div class=\"elementor-element elementor-element-6ba7143 ob-harakiri-inherit ob-has-background-overlay elementor-widget elementor-widget-heading\" data-id=\"6ba7143\" data-element_type=\"widget\" data-settings=\"{&quot;_ob_use_harakiri&quot;:&quot;yes&quot;,&quot;_ob_harakiri_writing_mode&quot;:&quot;inherit&quot;,&quot;_ob_harakiri_text_clip&quot;:&quot;none&quot;,&quot;_ob_perspektive_use&quot;:&quot;no&quot;,&quot;_ob_poopart_use&quot;:&quot;yes&quot;,&quot;_ob_shadough_use&quot;:&quot;no&quot;,&quot;_ob_allow_hoveranimator&quot;:&quot;no&quot;,&quot;_ob_widget_stalker_use&quot;:&quot;no&quot;}\" data-widget_type=\"heading.default\">\n\t\t\t\t<div class=\"elementor-widget-container\">\n\t\t\t\t\t<h2 class=\"elementor-heading-title elementor-size-default\">Qu\u2019est-ce que le traitement Emerald Laser?\n\n\n\n<\/h2>\t\t\t\t<\/div>\n\t\t\t\t<\/div>\n\t\t\t\t<div class=\"elementor-element elementor-element-06e4488 ob-harakiri-inherit ob-has-background-overlay elementor-widget elementor-widget-text-editor\" data-id=\"06e4488\" data-element_type=\"widget\" data-settings=\"{&quot;_ob_use_harakiri&quot;:&quot;yes&quot;,&quot;_ob_harakiri_writing_mode&quot;:&quot;inherit&quot;,&quot;_ob_postman_use&quot;:&quot;no&quot;,&quot;_ob_perspektive_use&quot;:&quot;no&quot;,&quot;_ob_poopart_use&quot;:&quot;yes&quot;,&quot;_ob_shadough_use&quot;:&quot;no&quot;,&quot;_ob_allow_hoveranimator&quot;:&quot;no&quot;,&quot;_ob_widget_stalker_use&quot;:&quot;no&quot;}\" data-widget_type=\"text-editor.default\">\n\t\t\t\t<div class=\"elementor-widget-container\">\n\t\t\t\t\t\t\t\t\t<div class=\"fusion-fullwidth fullwidth-box fusion-builder-row-3 fusion-flex-container hundred-percent-fullwidth non-hundred-percent-height-scrolling\"><div class=\"fusion-builder-row fusion-row fusion-flex-align-items-stretch fusion-flex-content-wrap\"><div class=\"fusion-layout-column fusion_builder_column fusion-builder-column-6 fusion_builder_column_1_2 1_2 fusion-flex-column\"><div class=\"fusion-column-wrapper fusion-column-has-shadow fusion-flex-justify-content-flex-start fusion-content-layout-column\"><div class=\"fusion-text fusion-text-4\"><p>Emerald Laser est une proc\u00e9dure esth\u00e9tique innovante, enti\u00e8rement non invasive, qui utilise la technologie laser froid (th\u00e9rapie laser de faible intensit\u00e9) pour r\u00e9duire naturellement et en toute s\u00e9curit\u00e9 la graisse corporelle.<\/p><\/div><\/div><\/div><\/div><\/div><div class=\"fusion-fullwidth fullwidth-box fusion-builder-row-4 fusion-flex-container hundred-percent-fullwidth non-hundred-percent-height-scrolling\"><div class=\"fusion-builder-row fusion-row fusion-flex-align-items-flex-start fusion-flex-content-wrap\"><div class=\"fusion-layout-column fusion_builder_column fusion-builder-column-7 fusion_builder_column_1_1 1_1 fusion-flex-column\"><div class=\"fusion-column-wrapper fusion-column-has-shadow fusion-flex-justify-content-flex-start fusion-content-layout-column\"><div class=\"fusion-separator\">\u00a0<\/div><\/div><\/div><\/div><\/div>\t\t\t\t\t\t\t\t<\/div>\n\t\t\t\t<\/div>\n\t\t\t\t<div class=\"elementor-element elementor-element-e9f62f0 elementor-align-center elementor-mobile-align-left ob-has-background-overlay elementor-widget elementor-widget-button\" data-id=\"e9f62f0\" data-element_type=\"widget\" data-settings=\"{&quot;_ob_butterbutton_use_it&quot;:&quot;no&quot;,&quot;_ob_perspektive_use&quot;:&quot;no&quot;,&quot;_ob_poopart_use&quot;:&quot;yes&quot;,&quot;_ob_shadough_use&quot;:&quot;no&quot;,&quot;_ob_allow_hoveranimator&quot;:&quot;no&quot;,&quot;_ob_widget_stalker_use&quot;:&quot;no&quot;}\" data-widget_type=\"button.default\">\n\t\t\t\t<div class=\"elementor-widget-container\">\n\t\t\t\t\t\t\t\t\t<div class=\"elementor-button-wrapper\">\n\t\t\t\t\t<a class=\"elementor-button elementor-button-link elementor-size-sm\" href=\"#elementor-action%3Aaction%3Dpopup%3Aopen%26settings%3DeyJpZCI6IjE3MDYiLCJ0b2dnbGUiOmZhbHNlfQ%3D%3D\">\n\t\t\t\t\t\t<span class=\"elementor-button-content-wrapper\">\n\t\t\t\t\t\t\t\t\t<span class=\"elementor-button-text\">Book an appointment<\/span>\n\t\t\t\t\t<\/span>\n\t\t\t\t\t<\/a>\n\t\t\t\t<\/div>\n\t\t\t\t\t\t\t\t<\/div>\n\t\t\t\t<\/div>\n\t\t\t\t\t<\/div>\n\t\t<\/div>\n\t\t\t\t\t<\/div>\n\t\t<\/section>\n\t\t\t\t<\/div>","protected":false},"excerpt":{"rendered":"<p>Emerald Laser Traitement corporel 360\u00b0 C\u2019est une m\u00e9thode r\u00e9volutionnaire pour traiter l\u2019incontinence et aider \u00e0 reprendre confiance en soi. Cette [&hellip;]<\/p>","protected":false},"author":1,"featured_media":3515,"parent":0,"menu_order":0,"comment_status":"closed","ping_status":"closed","template":"","meta":{"site-sidebar-layout":"no-sidebar","site-content-layout":"","ast-site-content-layout":"full-width-container","site-content-style":"default","site-sidebar-style":"default","ast-global-header-display":"","ast-banner-title-visibility":"","ast-main-header-display":"","ast-hfb-above-header-display":"","ast-hfb-below-header-display":"","ast-hfb-mobile-header-display":"","site-post-title":"disabled","ast-breadcrumbs-content":"","ast-featured-img":"disabled","footer-sml-layout":"","theme-transparent-header-meta":"","adv-header-id-meta":"","stick-header-meta":"","header-above-stick-meta":"","header-main-stick-meta":"","header-below-stick-meta":"","astra-migrate-meta-layouts":"default","ast-page-background-enabled":"default","ast-page-background-meta":{"desktop":{"background-color":"var(--ast-global-color-5)","background-image":"","background-repeat":"repeat","background-position":"center center","background-size":"auto","background-attachment":"scroll","background-type":"","background-media":"","overlay-type":"","overlay-color":"","overlay-opacity":"","overlay-gradient":""},"tablet":{"background-color":"","background-image":"","background-repeat":"repeat","background-position":"center center","background-size":"auto","background-attachment":"scroll","background-type":"","background-media":"","overlay-type":"","overlay-color":"","overlay-opacity":"","overlay-gradient":""},"mobile":{"background-color":"","background-image":"","background-repeat":"repeat","background-position":"center center","background-size":"auto","background-attachment":"scroll","background-type":"","background-media":"","overlay-type":"","overlay-color":"","overlay-opacity":"","overlay-gradient":""}},"ast-content-background-meta":{"desktop":{"background-color":"var(--ast-global-color-4)","background-image":"","background-repeat":"repeat","background-position":"center center","background-size":"auto","background-attachment":"scroll","background-type":"","background-media":"","overlay-type":"","overlay-color":"","overlay-opacity":"","overlay-gradient":""},"tablet":{"background-color":"var(--ast-global-color-4)","background-image":"","background-repeat":"repeat","background-position":"center center","background-size":"auto","background-attachment":"scroll","background-type":"","background-media":"","overlay-type":"","overlay-color":"","overlay-opacity":"","overlay-gradient":""},"mobile":{"background-color":"var(--ast-global-color-4)","background-image":"","background-repeat":"repeat","background-position":"center center","background-size":"auto","background-attachment":"scroll","background-type":"","background-media":"","overlay-type":"","overlay-color":"","overlay-opacity":"","overlay-gradient":""}},"footnotes":""},"class_list":["post-3514","page","type-page","status-publish","has-post-thumbnail","hentry"],"yoast_head":"<!-- This site is optimized with the Yoast SEO plugin v25.3.1 - https:\/\/yoast.com\/wordpress\/plugins\/seo\/ -->\n<title>Emerald Laser - Body Clinic Cannes<\/title>\n<meta name=\"description\" content=\"Traitement Emerald Laser pour une peau nette et \u00e9clatante. \u00c9liminez les imperfections et rajeunissez votre teint rapidement et en douceur.\" \/>\n<meta name=\"robots\" content=\"index, follow, max-snippet:-1, max-image-preview:large, max-video-preview:-1\" \/>\n<link rel=\"canonical\" href=\"https:\/\/bodyclinic-cannes.com\/en\/emerald-laser\/\" \/>\n<meta property=\"og:locale\" content=\"en_GB\" \/>\n<meta property=\"og:type\" content=\"article\" \/>\n<meta property=\"og:title\" content=\"Emerald Laser - Body Clinic Cannes\" \/>\n<meta property=\"og:description\" content=\"Traitement Emerald Laser pour une peau nette et \u00e9clatante. \u00c9liminez les imperfections et rajeunissez votre teint rapidement et en douceur.\" \/>\n<meta property=\"og:url\" content=\"https:\/\/bodyclinic-cannes.com\/en\/emerald-laser\/\" \/>\n<meta property=\"og:site_name\" content=\"Body Clinic Cannes\" \/>\n<meta property=\"article:modified_time\" content=\"2025-07-16T08:07:49+00:00\" \/>\n<meta property=\"og:image\" content=\"https:\/\/bodyclinic-cannes.com\/wp-content\/uploads\/2025\/04\/image-16.png\" \/>\n\t<meta property=\"og:image:width\" content=\"908\" \/>\n\t<meta property=\"og:image:height\" content=\"632\" \/>\n\t<meta property=\"og:image:type\" content=\"image\/png\" \/>\n<meta name=\"twitter:card\" content=\"summary_large_image\" \/>\n<meta name=\"twitter:label1\" content=\"Estimated reading time\" \/>\n\t<meta name=\"twitter:data1\" content=\"1 minute\" \/>\n<script type=\"application\/ld+json\" class=\"yoast-schema-graph\">{\"@context\":\"https:\/\/schema.org\",\"@graph\":[{\"@type\":\"WebPage\",\"@id\":\"https:\/\/bodyclinic-cannes.com\/emerald-laser\/\",\"url\":\"https:\/\/bodyclinic-cannes.com\/emerald-laser\/\",\"name\":\"Emerald Laser - Body Clinic Cannes\",\"isPartOf\":{\"@id\":\"https:\/\/bodyclinic-cannes.com\/#website\"},\"primaryImageOfPage\":{\"@id\":\"https:\/\/bodyclinic-cannes.com\/emerald-laser\/#primaryimage\"},\"image\":{\"@id\":\"https:\/\/bodyclinic-cannes.com\/emerald-laser\/#primaryimage\"},\"thumbnailUrl\":\"https:\/\/bodyclinic-cannes.com\/wp-content\/uploads\/2025\/04\/image-16.png\",\"datePublished\":\"2025-04-01T08:18:57+00:00\",\"dateModified\":\"2025-07-16T08:07:49+00:00\",\"description\":\"Traitement Emerald Laser pour une peau nette et \u00e9clatante. \u00c9liminez les imperfections et rajeunissez votre teint rapidement et en douceur.\",\"breadcrumb\":{\"@id\":\"https:\/\/bodyclinic-cannes.com\/emerald-laser\/#breadcrumb\"},\"inLanguage\":\"en-GB\",\"potentialAction\":[{\"@type\":\"ReadAction\",\"target\":[\"https:\/\/bodyclinic-cannes.com\/emerald-laser\/\"]}]},{\"@type\":\"ImageObject\",\"inLanguage\":\"en-GB\",\"@id\":\"https:\/\/bodyclinic-cannes.com\/emerald-laser\/#primaryimage\",\"url\":\"https:\/\/bodyclinic-cannes.com\/wp-content\/uploads\/2025\/04\/image-16.png\",\"contentUrl\":\"https:\/\/bodyclinic-cannes.com\/wp-content\/uploads\/2025\/04\/image-16.png\",\"width\":908,\"height\":632},{\"@type\":\"BreadcrumbList\",\"@id\":\"https:\/\/bodyclinic-cannes.com\/emerald-laser\/#breadcrumb\",\"itemListElement\":[{\"@type\":\"ListItem\",\"position\":1,\"name\":\"Home\",\"item\":\"https:\/\/bodyclinic-cannes.com\/\"},{\"@type\":\"ListItem\",\"position\":2,\"name\":\"Emerald Laser\"}]},{\"@type\":\"WebSite\",\"@id\":\"https:\/\/bodyclinic-cannes.com\/#website\",\"url\":\"https:\/\/bodyclinic-cannes.com\/\",\"name\":\"Body Clinic Cannes\",\"description\":\"Centre M&eacute;dical Esthetique Cannes\",\"publisher\":{\"@id\":\"https:\/\/bodyclinic-cannes.com\/#organization\"},\"potentialAction\":[{\"@type\":\"SearchAction\",\"target\":{\"@type\":\"EntryPoint\",\"urlTemplate\":\"https:\/\/bodyclinic-cannes.com\/?s={search_term_string}\"},\"query-input\":{\"@type\":\"PropertyValueSpecification\",\"valueRequired\":true,\"valueName\":\"search_term_string\"}}],\"inLanguage\":\"en-GB\"},{\"@type\":\"Organization\",\"@id\":\"https:\/\/bodyclinic-cannes.com\/#organization\",\"name\":\"Body Clinic Cannes\",\"url\":\"https:\/\/bodyclinic-cannes.com\/\",\"logo\":{\"@type\":\"ImageObject\",\"inLanguage\":\"en-GB\",\"@id\":\"https:\/\/bodyclinic-cannes.com\/#\/schema\/logo\/image\/\",\"url\":\"https:\/\/bodyclinic-cannes.com\/wp-content\/uploads\/2025\/02\/face-body-clinic-logo-160.png\",\"contentUrl\":\"https:\/\/bodyclinic-cannes.com\/wp-content\/uploads\/2025\/02\/face-body-clinic-logo-160.png\",\"width\":160,\"height\":84,\"caption\":\"Body Clinic Cannes\"},\"image\":{\"@id\":\"https:\/\/bodyclinic-cannes.com\/#\/schema\/logo\/image\/\"}}]}<\/script>\n<!-- \/ Yoast SEO plugin. -->","yoast_head_json":{"title":"Emerald Laser - Body Clinic Cannes","description":"Traitement Emerald Laser pour une peau nette et \u00e9clatante. \u00c9liminez les imperfections et rajeunissez votre teint rapidement et en douceur.","robots":{"index":"index","follow":"follow","max-snippet":"max-snippet:-1","max-image-preview":"max-image-preview:large","max-video-preview":"max-video-preview:-1"},"canonical":"https:\/\/bodyclinic-cannes.com\/en\/emerald-laser\/","og_locale":"en_GB","og_type":"article","og_title":"Emerald Laser - Body Clinic Cannes","og_description":"Traitement Emerald Laser pour une peau nette et \u00e9clatante. \u00c9liminez les imperfections et rajeunissez votre teint rapidement et en douceur.","og_url":"https:\/\/bodyclinic-cannes.com\/en\/emerald-laser\/","og_site_name":"Body Clinic Cannes","article_modified_time":"2025-07-16T08:07:49+00:00","og_image":[{"width":908,"height":632,"url":"https:\/\/bodyclinic-cannes.com\/wp-content\/uploads\/2025\/04\/image-16.png","type":"image\/png"}],"twitter_card":"summary_large_image","twitter_misc":{"Estimated reading time":"1 minute"},"schema":{"@context":"https:\/\/schema.org","@graph":[{"@type":"WebPage","@id":"https:\/\/bodyclinic-cannes.com\/emerald-laser\/","url":"https:\/\/bodyclinic-cannes.com\/emerald-laser\/","name":"Emerald Laser - Body Clinic Cannes","isPartOf":{"@id":"https:\/\/bodyclinic-cannes.com\/#website"},"primaryImageOfPage":{"@id":"https:\/\/bodyclinic-cannes.com\/emerald-laser\/#primaryimage"},"image":{"@id":"https:\/\/bodyclinic-cannes.com\/emerald-laser\/#primaryimage"},"thumbnailUrl":"https:\/\/bodyclinic-cannes.com\/wp-content\/uploads\/2025\/04\/image-16.png","datePublished":"2025-04-01T08:18:57+00:00","dateModified":"2025-07-16T08:07:49+00:00","description":"Traitement Emerald Laser pour une peau nette et \u00e9clatante. \u00c9liminez les imperfections et rajeunissez votre teint rapidement et en douceur.","breadcrumb":{"@id":"https:\/\/bodyclinic-cannes.com\/emerald-laser\/#breadcrumb"},"inLanguage":"en-GB","potentialAction":[{"@type":"ReadAction","target":["https:\/\/bodyclinic-cannes.com\/emerald-laser\/"]}]},{"@type":"ImageObject","inLanguage":"en-GB","@id":"https:\/\/bodyclinic-cannes.com\/emerald-laser\/#primaryimage","url":"https:\/\/bodyclinic-cannes.com\/wp-content\/uploads\/2025\/04\/image-16.png","contentUrl":"https:\/\/bodyclinic-cannes.com\/wp-content\/uploads\/2025\/04\/image-16.png","width":908,"height":632},{"@type":"BreadcrumbList","@id":"https:\/\/bodyclinic-cannes.com\/emerald-laser\/#breadcrumb","itemListElement":[{"@type":"ListItem","position":1,"name":"Home","item":"https:\/\/bodyclinic-cannes.com\/"},{"@type":"ListItem","position":2,"name":"Emerald Laser"}]},{"@type":"WebSite","@id":"https:\/\/bodyclinic-cannes.com\/#website","url":"https:\/\/bodyclinic-cannes.com\/","name":"Body Clinic Cannes","description":"Centre M&eacute;dical Esthetique Cannes","publisher":{"@id":"https:\/\/bodyclinic-cannes.com\/#organization"},"potentialAction":[{"@type":"SearchAction","target":{"@type":"EntryPoint","urlTemplate":"https:\/\/bodyclinic-cannes.com\/?s={search_term_string}"},"query-input":{"@type":"PropertyValueSpecification","valueRequired":true,"valueName":"search_term_string"}}],"inLanguage":"en-GB"},{"@type":"Organization","@id":"https:\/\/bodyclinic-cannes.com\/#organization","name":"Body Clinic Cannes","url":"https:\/\/bodyclinic-cannes.com\/","logo":{"@type":"ImageObject","inLanguage":"en-GB","@id":"https:\/\/bodyclinic-cannes.com\/#\/schema\/logo\/image\/","url":"https:\/\/bodyclinic-cannes.com\/wp-content\/uploads\/2025\/02\/face-body-clinic-logo-160.png","contentUrl":"https:\/\/bodyclinic-cannes.com\/wp-content\/uploads\/2025\/02\/face-body-clinic-logo-160.png","width":160,"height":84,"caption":"Body Clinic Cannes"},"image":{"@id":"https:\/\/bodyclinic-cannes.com\/#\/schema\/logo\/image\/"}}]}},"jetpack_sharing_enabled":true,"_links":{"self":[{"href":"https:\/\/bodyclinic-cannes.com\/en\/wp-json\/wp\/v2\/pages\/3514","targetHints":{"allow":["GET"]}}],"collection":[{"href":"https:\/\/bodyclinic-cannes.com\/en\/wp-json\/wp\/v2\/pages"}],"about":[{"href":"https:\/\/bodyclinic-cannes.com\/en\/wp-json\/wp\/v2\/types\/page"}],"author":[{"embeddable":true,"href":"https:\/\/bodyclinic-cannes.com\/en\/wp-json\/wp\/v2\/users\/1"}],"replies":[{"embeddable":true,"href":"https:\/\/bodyclinic-cannes.com\/en\/wp-json\/wp\/v2\/comments?post=3514"}],"version-history":[{"count":19,"href":"https:\/\/bodyclinic-cannes.com\/en\/wp-json\/wp\/v2\/pages\/3514\/revisions"}],"predecessor-version":[{"id":4956,"href":"https:\/\/bodyclinic-cannes.com\/en\/wp-json\/wp\/v2\/pages\/3514\/revisions\/4956"}],"wp:featuredmedia":[{"embeddable":true,"href":"https:\/\/bodyclinic-cannes.com\/en\/wp-json\/wp\/v2\/media\/3515"}],"wp:attachment":[{"href":"https:\/\/bodyclinic-cannes.com\/en\/wp-json\/wp\/v2\/media?parent=3514"}],"curies":[{"name":"wp","href":"https:\/\/api.w.org\/{rel}","templated":true}]}}