{"id":4707,"date":"2025-06-19T09:47:31","date_gmt":"2025-06-19T09:47:31","guid":{"rendered":"https:\/\/bodyclinic-cannes.creare-siteweb.ro\/?page_id=4707"},"modified":"2025-06-25T07:29:53","modified_gmt":"2025-06-25T07:29:53","slug":"mentions-legales","status":"publish","type":"page","link":"https:\/\/bodyclinic-cannes.com\/en\/mentions-legales\/","title":{"rendered":"Mentions l\u00e9gales"},"content":{"rendered":"<div data-elementor-type=\"wp-page\" data-elementor-id=\"4707\" class=\"elementor elementor-4707\" data-elementor-post-type=\"page\">\n\t\t\t\t\t\t<section class=\"ob-is-breaking-bad elementor-section elementor-top-section elementor-element elementor-element-019bdbe elementor-section-full_width elementor-section-height-default elementor-section-height-default\" data-id=\"019bdbe\" data-element_type=\"section\" data-settings=\"{&quot;_ob_bbad_use_it&quot;:&quot;yes&quot;,&quot;_ob_bbad_sssic_use&quot;:&quot;no&quot;,&quot;_ob_glider_is_slider&quot;:&quot;no&quot;}\">\n\t\t\t\t\t\t<div class=\"elementor-container elementor-column-gap-default\">\n\t\t\t\t\t<div class=\"elementor-column elementor-col-100 elementor-top-column elementor-element elementor-element-6c577e6\" data-id=\"6c577e6\" data-element_type=\"column\" data-settings=\"{&quot;_ob_bbad_is_stalker&quot;:&quot;no&quot;,&quot;_ob_teleporter_use&quot;:false,&quot;_ob_column_hoveranimator&quot;:&quot;no&quot;,&quot;_ob_column_has_pseudo&quot;:&quot;no&quot;}\">\n\t\t\t<div class=\"elementor-widget-wrap elementor-element-populated\">\n\t\t\t\t\t\t<div class=\"elementor-element elementor-element-aee4fb7 ob-harakiri-inherit ob-has-background-overlay elementor-widget elementor-widget-heading\" data-id=\"aee4fb7\" data-element_type=\"widget\" data-settings=\"{&quot;_ob_use_harakiri&quot;:&quot;yes&quot;,&quot;_ob_harakiri_writing_mode&quot;:&quot;inherit&quot;,&quot;_ob_harakiri_text_clip&quot;:&quot;none&quot;,&quot;_ob_perspektive_use&quot;:&quot;no&quot;,&quot;_ob_poopart_use&quot;:&quot;yes&quot;,&quot;_ob_shadough_use&quot;:&quot;no&quot;,&quot;_ob_allow_hoveranimator&quot;:&quot;no&quot;,&quot;_ob_widget_stalker_use&quot;:&quot;no&quot;}\" data-widget_type=\"heading.default\">\n\t\t\t\t<div class=\"elementor-widget-container\">\n\t\t\t\t\t<h2 class=\"elementor-heading-title elementor-size-default\">Politique de Confidentialit\u00e9<\/h2>\t\t\t\t<\/div>\n\t\t\t\t<\/div>\n\t\t\t\t<div class=\"elementor-element elementor-element-b29eda3 ob-harakiri-inherit ob-has-background-overlay elementor-widget elementor-widget-text-editor\" data-id=\"b29eda3\" data-element_type=\"widget\" data-settings=\"{&quot;_ob_use_harakiri&quot;:&quot;yes&quot;,&quot;_ob_harakiri_writing_mode&quot;:&quot;inherit&quot;,&quot;_ob_postman_use&quot;:&quot;no&quot;,&quot;_ob_perspektive_use&quot;:&quot;no&quot;,&quot;_ob_poopart_use&quot;:&quot;yes&quot;,&quot;_ob_shadough_use&quot;:&quot;no&quot;,&quot;_ob_allow_hoveranimator&quot;:&quot;no&quot;,&quot;_ob_widget_stalker_use&quot;:&quot;no&quot;}\" data-widget_type=\"text-editor.default\">\n\t\t\t\t<div class=\"elementor-widget-container\">\n\t\t\t\t\t\t\t\t\t<p><strong>G\u00c9N\u00c9RALIT\u00c9S :<\/strong><\/p><p>Num\u00e9ro de TVA FR05882208531, dont le si\u00e8ge social est situ\u00e9\u00a0<a href=\"https:\/\/www.societe.com\/entreprises\/23_rue%20des%20etats%20unis\/06400_CANNES.html\">23 RUE DES ETATS UNIS 06400 CANNES<\/a>, en est la propri\u00e9t\u00e9 exclusive.<\/p><p>\u00a0<\/p><p><strong>CONTENU :<\/strong><\/p><p>Les informations mises en ligne font l\u2019objet de mises \u00e0 jour r\u00e9guli\u00e8res et peuvent \u00eatre modifi\u00e9es \u00e0 tout moment. L\u2019utilisateur en est conscient et se doit de v\u00e9rifier les informations recueillies. bodyclinic-cannes\u00a0 d\u00e9cline toute responsabilit\u00e9 quant au contenu du site et \u00e0 son utilisation. Au cas o\u00f9 des liens seraient cr\u00e9\u00e9s avec d\u2019autres sites, bodyclinic-cannes ne peut en aucun cas \u00eatre tenu responsable du contenu et de l\u2019existence de ces autres liens. Les donn\u00e9es contenues sur le site www. bodyclinic-cannes\u00a0.com sont prot\u00e9g\u00e9es par la loi du 1er juillet 1998 sur les bases de donn\u00e9es. En acc\u00e9dant ou en utilisant le site, vous reconnaissez vous conformer aux dispositions de la loi, et notamment en s\u2019interdisant l\u2019extraction, le transfert, le stockage, la reproduction de tout ou partie qualitativement ou quantitativement substantielle du contenu des bases de donn\u00e9es figurant sur le site. La reproduction, la rediffusion ou l\u2019extraction automatique par tout moyen d\u2019informations figurant sur www. bodyclinic-cannes.com est interdite. L\u2019emploi de robots, programmes permettant l\u2019extraction directe de donn\u00e9es est rigoureusement interdit.<\/p><p>\u00a0<\/p><p><strong>DROITS DE PROPRI\u00c9T\u00c9 :<\/strong><\/p><p>Tous les textes, illustrations et images pr\u00e9sents sur le site www. bodyclinic-cannes.com sont soumis au titre du droit d\u2019auteur ainsi qu\u2019au titre de la propri\u00e9t\u00e9 intellectuelle. Il est interdit de copier, reproduire, diffuser, vendre, publier, exploiter et diffuser les informations pr\u00e9sentes sur le site www. bodyclinic-cannes.com. En cons\u00e9quence, toute autre utilisation que la consultation est constitutive de contrefa\u00e7on et sanctionn\u00e9e au titre de la propri\u00e9t\u00e9 intellectuelle. Selon les termes de l\u2019article L.122-4 du Code de la Propri\u00e9t\u00e9 Intellectuelle, \u00ab toute repr\u00e9sentation ou reproduction int\u00e9grale ou partielle faite sans le consentement de l\u2019auteur est illicite \u00bb. Par cons\u00e9quent, la consultation ou modification de la base de donn\u00e9es au moyen de programmes ou applications autres que ceux mis \u00e0 disposition sur www. bodyclinic-cannes.com est interdit. L\u2019article L335-3 du CPI dispose en outre qu\u2019est \u00ab un d\u00e9lit de contrefa\u00e7on la violation de l\u2019un des droits de l\u2019auteur de logiciel \u00bb. Toute personne ne respectant pas ces dispositions l\u00e9gales s\u2019exposerait aux peines pr\u00e9vues \u00e0 l\u2019article L335-2 du m\u00eame code (jusqu\u2019\u00e0 cinq ans d\u2019emprisonnement et 15 000 \u20ac d\u2019amende), ainsi qu\u2019\u00e0 une condamnation au paiement de dommages int\u00e9r\u00eats dans le cadre d\u2019assignations devant les juridictions civiles. Bodyclinic-cannes\u00a0dispose d\u2019un service juridique comp\u00e9tent qui n\u2019h\u00e9sitera pas \u00e0 d\u00e9clencher les poursuites n\u00e9cessaires pour faire valoir ce que de droit.<\/p><p>\u00a0<\/p><p><strong>POLITIQUE DE CONFIDENTIALIT\u00c9 :<\/strong><\/p><p><strong>Responsable de traitement et d\u00e9l\u00e9gu\u00e9 \u00e0 la protection des donn\u00e9es personnelles :<\/strong><\/p><p>Les donn\u00e9es personnelles sont collect\u00e9es sur le site par la soci\u00e9t\u00e9 bodyclinic-cannes. D\u00e9l\u00e9gu\u00e9e \u00e0 la protection des donn\u00e9es de la soci\u00e9t\u00e9 bodyclinic-canne.Elle est notamment en charge d\u2019assurer la conformit\u00e9 des activit\u00e9s de l\u2019entreprise avec le cadre l\u00e9gal du RGPD et de coop\u00e9rer avec l\u2019autorit\u00e9 de contr\u00f4le. Pour toute demande de contact, veuillez utiliser le formulaire de la page contact du site Internet, ou par courrier postal : bodyclinic-cannes, situ\u00e9\u00a0<a href=\"https:\/\/www.societe.com\/entreprises\/23_rue%20des%20etats%20unis\/06400_CANNES.html\">23 RUE DES ETATS UNIS 06400 CANNES<\/a><\/p><p>\u00a0<\/p><p><strong>Donn\u00e9es personnelles collect\u00e9es :<\/strong><\/p><p>Deux types de donn\u00e9es \u00e0 caract\u00e8re personnel sont collect\u00e9s sur le site :<br \/>\u2013 Donn\u00e9es saisies et envoy\u00e9es via les formulaires<br \/>\u2013 Donn\u00e9es collect\u00e9es par l\u2019outil de mesure d\u2019audience Google Analytics<\/p><p>\u00a0<\/p><p><strong>Finalit\u00e9 de la collecte des donn\u00e9es personnelles :<\/strong><\/p><p>Finalit\u00e9s de la collecte des donn\u00e9es personnelles \u00e0 travers les diff\u00e9rents formulaires du site internet :<br \/>\u2013 Reprise de contact avec les personnes ayant soumis un formulaire, dans le cadre de la relation commerciale qui peut en d\u00e9couler (\u00e9dition de devis, \u00e9changes d\u2019emails etc).<br \/>\u2013 Suivi commercial g\u00e9n\u00e9ral avec les personnes int\u00e9ress\u00e9es par nos services<br \/>\u2013 Suivi relationnel avec les personnes ayant propos\u00e9 leurs candidatures dans le cadre d\u2019une demande de recrutement<br \/>En soumettant le formulaire et en cochant la case \u00e0 cocher de consentement du formulaire, le visiteur donne express\u00e9ment son accord pour que les donn\u00e9es \u00e0 caract\u00e8re personnel soient trait\u00e9es pour la finalit\u00e9 de gestion de la relation commerciale.<\/p><p>\u00a0<\/p><p><strong>Finalit\u00e9s de la collecte des donn\u00e9es personnelles \u00e0 travers l\u2019outil Google Analytics utilis\u00e9 sur le site :<\/strong><\/p><p>\u2013 Mesurer l\u2019audience du site<br \/>\u2013 Analyser les caract\u00e9ristiques et le comportement des internautes sur le site<br \/>\u2013 Utiliser ces donn\u00e9es pour optimiser le site en fonction<br \/>Google Analytics utilise des cookies tiers afin de distinguer les utilisateurs. Les cookies sont des petits fichiers install\u00e9s sur le terminal des internautes, qui ne comportent aucune information nominative ni qui puisse permettre de vous identifier personnellement.<br \/>En parcourant le site, l\u2019internaute donne express\u00e9ment son accord pour que les donn\u00e9es \u00e0 caract\u00e8re personnel collect\u00e9es par Google Analytics soient trait\u00e9es pour les finalit\u00e9s d\u00e9crites ci-dessus.<\/p><p>\u00a0<\/p><p><strong>Dur\u00e9e de conservation des donn\u00e9es personnelles collect\u00e9es :<\/strong><\/p><p>Lorsqu\u2019un formulaire est soumis sur le site, les donn\u00e9es sont conserv\u00e9es pendant une dur\u00e9e de cinq ans. Les cookies cr\u00e9es et utilis\u00e9s par l\u2019outil Google Analytics ont les dur\u00e9es de vies suivantes : 1 minute pour le cookie de type _gat, 24h pour le _gid et 2 ans pour le type _ga.<\/p><p>\u00a0<\/p><p><strong>Confidentialit\u00e9 des donn\u00e9es personnelles :<\/strong><\/p><p>Les donn\u00e9es personnelles collect\u00e9es sont uniquement destin\u00e9es \u00e0 la soci\u00e9t\u00e9 bodyclinic-cannes\u00a0et seront uniquement exploit\u00e9es dans le cadre de la soumission effective d\u2019un formulaire du site.<br \/>Ces donn\u00e9es ne seront jamais commercialis\u00e9es \u00e0 des tiers, lou\u00e9es ou transmises, en dehors des cas suivants :<br \/>\u2013 Insultes et\/ou propos portant atteinte \u00e0 l\u2019ordre public ou aux bonnes moeurs.<br \/>\u2013 Poursuites p\u00e9nales engag\u00e9es contre vous : les donn\u00e9es pourront \u00eatre transmises \u00e0 la demande de la justice.<\/p><p>\u00a0<\/p><p><strong>S\u00e9curit\u00e9 et stockage des donn\u00e9es personnelles :<\/strong><\/p><p>Les donn\u00e9es sont stock\u00e9es sur les serveurs de l\u2019h\u00e9bergeur IONOS, dont les coordonn\u00e9es sont d\u00e9finies en amont de la pr\u00e9sente page.<\/p><p>Toutes les pages du site sont s\u00e9curis\u00e9es via un certificat SSL (protocole HTTPS, TLS 1.2). Il s\u2019agit d\u2019un protocole permettant de chiffrer (s\u00e9curiser) le contenu des \u00e9changes entre le navigateur du visiteur du site Internet et les serveurs h\u00e9bergeant ce dernier. Ceci permet donc d\u2019\u00e9viter que les donn\u00e9es personnelles transitant \u00e0 l\u2019issue de la soumission d\u2019un formulaire puissent \u00eatre facilement lues par des tiers. Remarque : aucune transmission ou stockage de donn\u00e9es n\u2019est jamais totalement s\u00e9curis\u00e9. Nous ne pouvons donc pas garantir la s\u00e9curit\u00e9 infaillible de l\u2019information transmise ou stock\u00e9e sur les serveurs d\u2019h\u00e9bergement.<\/p><p>\u00a0<\/p><p><strong>Droit d\u2019acc\u00e8s, de rectification ou suppression des donn\u00e9es personnelles :<\/strong><\/p><p>Conform\u00e9ment \u00e0 la loi Informatique et Libert\u00e9s du 6 janvier 1978 modifi\u00e9e, ainsi qu\u2019au R\u00e8glement Europ\u00e9en G\u00e9n\u00e9ral sur la Protection des Donn\u00e9es 2016\/679 (RGPD), vous disposez des droits d\u2019acc\u00e8s, de rectification et de suppression des donn\u00e9es personnelles vous concernant, que vous pouvez exercer en utilisant le formulaire de contact du site ou en nous faisant parvenir un courrier postal \u00e0 l\u2019adresse : bodyclinic-cannes, situ\u00e9\u00a0<a href=\"https:\/\/www.societe.com\/entreprises\/23_rue%20des%20etats%20unis\/06400_CANNES.html\">23 RUE DES ETATS UNIS 06400 CANNES<\/a>.<\/p>\t\t\t\t\t\t\t\t<\/div>\n\t\t\t\t<\/div>\n\t\t\t\t\t<\/div>\n\t\t<\/div>\n\t\t\t\t\t<\/div>\n\t\t<\/section>\n\t\t\t\t<\/div>","protected":false},"excerpt":{"rendered":"<p>Politique de Confidentialit\u00e9 G\u00c9N\u00c9RALIT\u00c9S : Num\u00e9ro de TVA FR05882208531, dont le si\u00e8ge social est situ\u00e9\u00a023 RUE DES ETATS UNIS 06400 [&hellip;]<\/p>","protected":false},"author":1,"featured_media":0,"parent":0,"menu_order":0,"comment_status":"closed","ping_status":"closed","template":"","meta":{"site-sidebar-layout":"no-sidebar","site-content-layout":"","ast-site-content-layout":"full-width-container","site-content-style":"default","site-sidebar-style":"default","ast-global-header-display":"","ast-banner-title-visibility":"","ast-main-header-display":"","ast-hfb-above-header-display":"","ast-hfb-below-header-display":"","ast-hfb-mobile-header-display":"","site-post-title":"disabled","ast-breadcrumbs-content":"","ast-featured-img":"disabled","footer-sml-layout":"","theme-transparent-header-meta":"","adv-header-id-meta":"","stick-header-meta":"","header-above-stick-meta":"","header-main-stick-meta":"","header-below-stick-meta":"","astra-migrate-meta-layouts":"default","ast-page-background-enabled":"default","ast-page-background-meta":{"desktop":{"background-color":"var(--ast-global-color-5)","background-image":"","background-repeat":"repeat","background-position":"center center","background-size":"auto","background-attachment":"scroll","background-type":"","background-media":"","overlay-type":"","overlay-color":"","overlay-opacity":"","overlay-gradient":""},"tablet":{"background-color":"","background-image":"","background-repeat":"repeat","background-position":"center center","background-size":"auto","background-attachment":"scroll","background-type":"","background-media":"","overlay-type":"","overlay-color":"","overlay-opacity":"","overlay-gradient":""},"mobile":{"background-color":"","background-image":"","background-repeat":"repeat","background-position":"center center","background-size":"auto","background-attachment":"scroll","background-type":"","background-media":"","overlay-type":"","overlay-color":"","overlay-opacity":"","overlay-gradient":""}},"ast-content-background-meta":{"desktop":{"background-color":"var(--ast-global-color-4)","background-image":"","background-repeat":"repeat","background-position":"center center","background-size":"auto","background-attachment":"scroll","background-type":"","background-media":"","overlay-type":"","overlay-color":"","overlay-opacity":"","overlay-gradient":""},"tablet":{"background-color":"var(--ast-global-color-4)","background-image":"","background-repeat":"repeat","background-position":"center center","background-size":"auto","background-attachment":"scroll","background-type":"","background-media":"","overlay-type":"","overlay-color":"","overlay-opacity":"","overlay-gradient":""},"mobile":{"background-color":"var(--ast-global-color-4)","background-image":"","background-repeat":"repeat","background-position":"center center","background-size":"auto","background-attachment":"scroll","background-type":"","background-media":"","overlay-type":"","overlay-color":"","overlay-opacity":"","overlay-gradient":""}},"footnotes":""},"class_list":["post-4707","page","type-page","status-publish","hentry"],"yoast_head":"<!-- This site is optimized with the Yoast SEO plugin v25.3.1 - https:\/\/yoast.com\/wordpress\/plugins\/seo\/ -->\n<title>Mentions l\u00e9gales - Body Clinic Cannes<\/title>\n<meta name=\"robots\" content=\"index, follow, max-snippet:-1, max-image-preview:large, max-video-preview:-1\" \/>\n<link rel=\"canonical\" href=\"https:\/\/bodyclinic-cannes.com\/en\/mentions-legales\/\" \/>\n<meta property=\"og:locale\" content=\"en_GB\" \/>\n<meta property=\"og:type\" content=\"article\" \/>\n<meta property=\"og:title\" content=\"Mentions l\u00e9gales - Body Clinic Cannes\" \/>\n<meta property=\"og:description\" content=\"Politique de Confidentialit\u00e9 G\u00c9N\u00c9RALIT\u00c9S : Num\u00e9ro de TVA FR05882208531, dont le si\u00e8ge social est situ\u00e9\u00a023 RUE DES ETATS UNIS 06400 [&hellip;]\" \/>\n<meta property=\"og:url\" content=\"https:\/\/bodyclinic-cannes.com\/en\/mentions-legales\/\" \/>\n<meta property=\"og:site_name\" content=\"Body Clinic Cannes\" \/>\n<meta property=\"article:modified_time\" content=\"2025-06-25T07:29:53+00:00\" \/>\n<meta name=\"twitter:card\" content=\"summary_large_image\" \/>\n<meta name=\"twitter:label1\" content=\"Estimated reading time\" \/>\n\t<meta name=\"twitter:data1\" content=\"6 minutes\" \/>\n<script type=\"application\/ld+json\" class=\"yoast-schema-graph\">{\"@context\":\"https:\/\/schema.org\",\"@graph\":[{\"@type\":\"WebPage\",\"@id\":\"https:\/\/bodyclinic-cannes.com\/mentions-legales\/\",\"url\":\"https:\/\/bodyclinic-cannes.com\/mentions-legales\/\",\"name\":\"Mentions l\u00e9gales - Body Clinic Cannes\",\"isPartOf\":{\"@id\":\"https:\/\/bodyclinic-cannes.com\/#website\"},\"datePublished\":\"2025-06-19T09:47:31+00:00\",\"dateModified\":\"2025-06-25T07:29:53+00:00\",\"breadcrumb\":{\"@id\":\"https:\/\/bodyclinic-cannes.com\/mentions-legales\/#breadcrumb\"},\"inLanguage\":\"en-GB\",\"potentialAction\":[{\"@type\":\"ReadAction\",\"target\":[\"https:\/\/bodyclinic-cannes.com\/mentions-legales\/\"]}]},{\"@type\":\"BreadcrumbList\",\"@id\":\"https:\/\/bodyclinic-cannes.com\/mentions-legales\/#breadcrumb\",\"itemListElement\":[{\"@type\":\"ListItem\",\"position\":1,\"name\":\"Home\",\"item\":\"https:\/\/bodyclinic-cannes.com\/\"},{\"@type\":\"ListItem\",\"position\":2,\"name\":\"Mentions l\u00e9gales\"}]},{\"@type\":\"WebSite\",\"@id\":\"https:\/\/bodyclinic-cannes.com\/#website\",\"url\":\"https:\/\/bodyclinic-cannes.com\/\",\"name\":\"Body Clinic Cannes\",\"description\":\"Centre M&eacute;dical Esthetique Cannes\",\"publisher\":{\"@id\":\"https:\/\/bodyclinic-cannes.com\/#organization\"},\"potentialAction\":[{\"@type\":\"SearchAction\",\"target\":{\"@type\":\"EntryPoint\",\"urlTemplate\":\"https:\/\/bodyclinic-cannes.com\/?s={search_term_string}\"},\"query-input\":{\"@type\":\"PropertyValueSpecification\",\"valueRequired\":true,\"valueName\":\"search_term_string\"}}],\"inLanguage\":\"en-GB\"},{\"@type\":\"Organization\",\"@id\":\"https:\/\/bodyclinic-cannes.com\/#organization\",\"name\":\"Body Clinic Cannes\",\"url\":\"https:\/\/bodyclinic-cannes.com\/\",\"logo\":{\"@type\":\"ImageObject\",\"inLanguage\":\"en-GB\",\"@id\":\"https:\/\/bodyclinic-cannes.com\/#\/schema\/logo\/image\/\",\"url\":\"https:\/\/bodyclinic-cannes.com\/wp-content\/uploads\/2025\/02\/face-body-clinic-logo-160.png\",\"contentUrl\":\"https:\/\/bodyclinic-cannes.com\/wp-content\/uploads\/2025\/02\/face-body-clinic-logo-160.png\",\"width\":160,\"height\":84,\"caption\":\"Body Clinic Cannes\"},\"image\":{\"@id\":\"https:\/\/bodyclinic-cannes.com\/#\/schema\/logo\/image\/\"}}]}<\/script>\n<!-- \/ Yoast SEO plugin. -->","yoast_head_json":{"title":"Mentions l\u00e9gales - Body Clinic Cannes","robots":{"index":"index","follow":"follow","max-snippet":"max-snippet:-1","max-image-preview":"max-image-preview:large","max-video-preview":"max-video-preview:-1"},"canonical":"https:\/\/bodyclinic-cannes.com\/en\/mentions-legales\/","og_locale":"en_GB","og_type":"article","og_title":"Mentions l\u00e9gales - Body Clinic Cannes","og_description":"Politique de Confidentialit\u00e9 G\u00c9N\u00c9RALIT\u00c9S : Num\u00e9ro de TVA FR05882208531, dont le si\u00e8ge social est situ\u00e9\u00a023 RUE DES ETATS UNIS 06400 [&hellip;]","og_url":"https:\/\/bodyclinic-cannes.com\/en\/mentions-legales\/","og_site_name":"Body Clinic Cannes","article_modified_time":"2025-06-25T07:29:53+00:00","twitter_card":"summary_large_image","twitter_misc":{"Estimated reading time":"6 minutes"},"schema":{"@context":"https:\/\/schema.org","@graph":[{"@type":"WebPage","@id":"https:\/\/bodyclinic-cannes.com\/mentions-legales\/","url":"https:\/\/bodyclinic-cannes.com\/mentions-legales\/","name":"Mentions l\u00e9gales - Body Clinic Cannes","isPartOf":{"@id":"https:\/\/bodyclinic-cannes.com\/#website"},"datePublished":"2025-06-19T09:47:31+00:00","dateModified":"2025-06-25T07:29:53+00:00","breadcrumb":{"@id":"https:\/\/bodyclinic-cannes.com\/mentions-legales\/#breadcrumb"},"inLanguage":"en-GB","potentialAction":[{"@type":"ReadAction","target":["https:\/\/bodyclinic-cannes.com\/mentions-legales\/"]}]},{"@type":"BreadcrumbList","@id":"https:\/\/bodyclinic-cannes.com\/mentions-legales\/#breadcrumb","itemListElement":[{"@type":"ListItem","position":1,"name":"Home","item":"https:\/\/bodyclinic-cannes.com\/"},{"@type":"ListItem","position":2,"name":"Mentions l\u00e9gales"}]},{"@type":"WebSite","@id":"https:\/\/bodyclinic-cannes.com\/#website","url":"https:\/\/bodyclinic-cannes.com\/","name":"Body Clinic Cannes","description":"Centre M&eacute;dical Esthetique Cannes","publisher":{"@id":"https:\/\/bodyclinic-cannes.com\/#organization"},"potentialAction":[{"@type":"SearchAction","target":{"@type":"EntryPoint","urlTemplate":"https:\/\/bodyclinic-cannes.com\/?s={search_term_string}"},"query-input":{"@type":"PropertyValueSpecification","valueRequired":true,"valueName":"search_term_string"}}],"inLanguage":"en-GB"},{"@type":"Organization","@id":"https:\/\/bodyclinic-cannes.com\/#organization","name":"Body Clinic Cannes","url":"https:\/\/bodyclinic-cannes.com\/","logo":{"@type":"ImageObject","inLanguage":"en-GB","@id":"https:\/\/bodyclinic-cannes.com\/#\/schema\/logo\/image\/","url":"https:\/\/bodyclinic-cannes.com\/wp-content\/uploads\/2025\/02\/face-body-clinic-logo-160.png","contentUrl":"https:\/\/bodyclinic-cannes.com\/wp-content\/uploads\/2025\/02\/face-body-clinic-logo-160.png","width":160,"height":84,"caption":"Body Clinic Cannes"},"image":{"@id":"https:\/\/bodyclinic-cannes.com\/#\/schema\/logo\/image\/"}}]}},"jetpack_sharing_enabled":true,"_links":{"self":[{"href":"https:\/\/bodyclinic-cannes.com\/en\/wp-json\/wp\/v2\/pages\/4707","targetHints":{"allow":["GET"]}}],"collection":[{"href":"https:\/\/bodyclinic-cannes.com\/en\/wp-json\/wp\/v2\/pages"}],"about":[{"href":"https:\/\/bodyclinic-cannes.com\/en\/wp-json\/wp\/v2\/types\/page"}],"author":[{"embeddable":true,"href":"https:\/\/bodyclinic-cannes.com\/en\/wp-json\/wp\/v2\/users\/1"}],"replies":[{"embeddable":true,"href":"https:\/\/bodyclinic-cannes.com\/en\/wp-json\/wp\/v2\/comments?post=4707"}],"version-history":[{"count":21,"href":"https:\/\/bodyclinic-cannes.com\/en\/wp-json\/wp\/v2\/pages\/4707\/revisions"}],"predecessor-version":[{"id":4834,"href":"https:\/\/bodyclinic-cannes.com\/en\/wp-json\/wp\/v2\/pages\/4707\/revisions\/4834"}],"wp:attachment":[{"href":"https:\/\/bodyclinic-cannes.com\/en\/wp-json\/wp\/v2\/media?parent=4707"}],"curies":[{"name":"wp","href":"https:\/\/api.w.org\/{rel}","templated":true}]}}