{"id":4805,"date":"2025-06-25T07:09:44","date_gmt":"2025-06-25T07:09:44","guid":{"rendered":"https:\/\/bodyclinic-cannes.com\/?page_id=4805"},"modified":"2025-06-25T07:09:45","modified_gmt":"2025-06-25T07:09:45","slug":"politique-dutilisation-des-cookies","status":"publish","type":"page","link":"https:\/\/bodyclinic-cannes.com\/en\/politique-dutilisation-des-cookies\/","title":{"rendered":"Politique d&rsquo;utilisation des cookies"},"content":{"rendered":"<p>Veuillez lire attentivement les informations suivantes :<\/p><p>Afin de respecter les exigences \u00e9tablies par la Directive europ\u00e9enne du 26 mai 2012 et les dispositions de la Loi n\u00b0 506 du 17 novembre 2004 relative au traitement des donn\u00e9es \u00e0 caract\u00e8re personnel et \u00e0 la protection de la vie priv\u00e9e dans le secteur des communications \u00e9lectroniques, le consentement de tous les visiteurs du site web est requis avant l&rsquo;envoi de cookies sur leurs ordinateurs.<\/p><p>Ce site web utilise des cookies propres et de tiers afin d\u2019offrir aux visiteurs une exp\u00e9rience de navigation bien meilleure et des services adapt\u00e9s aux besoins et int\u00e9r\u00eats de chacun.<\/p><p>Les cookies jouent un r\u00f4le important en facilitant l&rsquo;acc\u00e8s et la livraison de multiples services dont l&rsquo;utilisateur profite sur Internet, tels que :<\/p><ul class=\"wp-block-list\"><li>La personnalisation de certains param\u00e8tres comme : la langue dans laquelle un site est affich\u00e9, l&rsquo;acc\u00e8s aux pr\u00e9f\u00e9rences pr\u00e9c\u00e9dentes via les boutons \u00ab suivant \u00bb et \u00ab pr\u00e9c\u00e9dent \u00bb.<\/li>\n\n<li>Les cookies offrent aux propri\u00e9taires de sites un retour pr\u00e9cieux sur la mani\u00e8re dont leurs sites sont utilis\u00e9s par les utilisateurs, leur permettant ainsi de les rendre plus efficaces et plus accessibles.<\/li>\n\n<li>Ils permettent l\u2019inclusion d\u2019applications multim\u00e9dias ou d\u2019autres types d&rsquo;applications provenant d&rsquo;autres sites dans un site donn\u00e9, afin de cr\u00e9er une exp\u00e9rience de navigation plus pr\u00e9cieuse, plus utile et plus agr\u00e9able.<\/li><\/ul><p><strong>Qu\u2019est-ce qu\u2019un \u00ab cookie \u00bb ?<\/strong><\/p><p>Un \u00ab cookie Internet \u00bb (\u00e9galement connu sous le nom de \u00ab cookie de navigateur \u00bb ou \u00ab cookie HTTP \u00bb ou simplement \u00ab cookie \u00bb) est un petit fichier, constitu\u00e9 de lettres et de chiffres, qui sera stock\u00e9 sur l\u2019ordinateur, le terminal mobile ou d&rsquo;autres \u00e9quipements d\u2019un utilisateur \u00e0 partir desquels l&rsquo;Internet est accessible.<\/p><p>Le cookie est install\u00e9 suite \u00e0 une requ\u00eate \u00e9mise par un serveur web \u00e0 un navigateur (ex : Internet Explorer, Chrome) et est totalement \u00ab passif \u00bb (il ne contient pas de logiciels, de virus ou de spyware et ne peut pas acc\u00e9der aux informations du disque dur de l&rsquo;utilisateur).<\/p><p>Un cookie se compose de deux parties : le nom et le contenu ou la valeur du cookie. De plus, la dur\u00e9e d&rsquo;existence d&rsquo;un cookie est d\u00e9termin\u00e9e ; techniquement, seul le serveur web qui a envoy\u00e9 le cookie peut y acc\u00e9der \u00e0 nouveau au moment o\u00f9 un utilisateur revient sur le site web associ\u00e9 \u00e0 ce serveur web.<\/p><p>Les cookies ne demandent pas d\u2019informations personnelles pour pouvoir \u00eatre utilis\u00e9s et, dans la plupart des cas, n&rsquo;identifient pas personnellement les utilisateurs d&rsquo;Internet.<\/p><p>Il existe deux grandes cat\u00e9gories de cookies :<\/p><ul class=\"wp-block-list\"><li><strong>Cookies de session<\/strong> \u2013 Ils sont temporairement stock\u00e9s dans le dossier de cookies du navigateur web jusqu\u2019\u00e0 ce que l&rsquo;utilisateur quitte le site web ou ferme la fen\u00eatre du navigateur (ex : lors de la connexion\/d\u00e9connexion d&rsquo;un compte de webmail ou de r\u00e9seaux sociaux).<\/li>\n\n<li><strong>Cookies persistants<\/strong> \u2013 Ils sont stock\u00e9s sur le disque dur d\u2019un ordinateur ou d\u2019un \u00e9quipement (et, g\u00e9n\u00e9ralement, cela d\u00e9pend de la dur\u00e9e de vie pr\u00e9d\u00e9finie pour le cookie). Les cookies persistants incluent \u00e9galement ceux plac\u00e9s par un site autre que celui que l&rsquo;utilisateur visite actuellement \u2013 connus sous le nom de \u00ab third party cookies \u00bb (cookies plac\u00e9s par des tiers) \u2013 qui peuvent \u00eatre utilis\u00e9s de mani\u00e8re anonyme pour m\u00e9moriser les int\u00e9r\u00eats d\u2019un utilisateur, afin de diffuser des publicit\u00e9s aussi pertinentes que possible.<\/li><\/ul><p><strong>Quels sont les avantages des cookies ?<\/strong><\/p><p>Un cookie contient des informations qui \u00e9tablissent le lien entre un navigateur web (utilisateur) et un serveur web sp\u00e9cifique (site web). Si un navigateur acc\u00e8de de nouveau \u00e0 ce serveur web, il peut lire les informations d\u00e9j\u00e0 stock\u00e9es et r\u00e9agir en cons\u00e9quence. Les cookies assurent aux utilisateurs une exp\u00e9rience de navigation agr\u00e9able et soutiennent les efforts de nombreux sites pour offrir des services confortables aux utilisateurs : ex \u2013 pr\u00e9f\u00e9rences de confidentialit\u00e9 en ligne, options linguistiques du site, paniers d\u2019achat ou publicit\u00e9s pertinentes.<\/p><p><strong>Quelle est la dur\u00e9e de vie d\u2019un cookie ?<\/strong><\/p><p>Les cookies sont g\u00e9r\u00e9s par les serveurs web. La dur\u00e9e de vie d\u2019un cookie peut varier consid\u00e9rablement, en fonction de l\u2019objectif pour lequel il est plac\u00e9. Certains cookies sont utilis\u00e9s exclusivement pour une seule session (cookies de session) et ne sont plus retenus une fois que l\u2019utilisateur a quitt\u00e9 le site web, tandis que d&rsquo;autres cookies sont conserv\u00e9s et r\u00e9utilis\u00e9s chaque fois que l\u2019utilisateur revient sur ce site (cookies permanents). Cependant, les cookies peuvent \u00eatre supprim\u00e9s par un utilisateur \u00e0 tout moment via les param\u00e8tres du navigateur.<\/p><p><strong>Que sont les cookies plac\u00e9s par des tiers ?<\/strong><\/p><p>Certaines sections de contenu sur certains sites peuvent \u00eatre fournies par des tiers\/fournisseurs (ex : bo\u00eete d&rsquo;actualit\u00e9s, une vid\u00e9o ou une publicit\u00e9). Ces tiers peuvent \u00e9galement placer des cookies via le site et ils sont appel\u00e9s \u00ab third party cookies \u00bb car ils ne sont pas plac\u00e9s par le propri\u00e9taire du site web concern\u00e9. Les fournisseurs tiers doivent \u00e9galement respecter la l\u00e9gislation en vigueur et les politiques de confidentialit\u00e9 du propri\u00e9taire du site.<\/p><p><strong>Comment un site utilise-t-il les cookies ?<\/strong><\/p><p>Une visite sur un site web peut placer des cookies pour :<\/p><ul class=\"wp-block-list\"><li>L\u2019am\u00e9lioration des performances du site web ;<\/li>\n\n<li>Une analyse des visiteurs ;<\/li>\n\n<li>Le g\u00e9ociblage (geotargeting) ;<\/li>\n\n<li>L&rsquo;enregistrement des utilisateurs.<\/li><\/ul><p><strong>Cookies de performance<\/strong><\/p><p>Ce type de cookie retient les pr\u00e9f\u00e9rences de l\u2019utilisateur sur ce site, afin qu\u2019il ne soit plus n\u00e9cessaire de les configurer \u00e0 chaque visite.<\/p><p>Exemples : les param\u00e8tres de volume pour le lecteur vid\u00e9o, la vitesse de streaming vid\u00e9o compatible avec le navigateur.<\/p><p><strong>Cookies pour l\u2019analyse des visiteurs<\/strong><\/p><p>Chaque fois qu\u2019un utilisateur visite un site, le logiciel d\u2019analytics fourni par un tiers g\u00e9n\u00e8re un cookie d\u2019analyse de l\u2019utilisateur. Ce cookie indique si vous avez d\u00e9j\u00e0 visit\u00e9 ce site auparavant. Le navigateur signalera si vous poss\u00e9dez ce cookie, et s\u2019il ne l\u2019a pas, il sera g\u00e9n\u00e9r\u00e9. Cela permet de suivre les utilisateurs uniques qui visitent le site et la fr\u00e9quence de leurs visites.<\/p><p>Tant que le visiteur n\u2019est pas enregistr\u00e9 sur le site, ce cookie ne peut pas \u00eatre utilis\u00e9 pour identifier des personnes physiques, il est utilis\u00e9 uniquement \u00e0 des fins statistiques. Si l\u2019utilisateur est enregistr\u00e9, les d\u00e9tails fournis tels que l\u2019adresse e-mail et le nom d\u2019utilisateur peuvent \u00e9galement \u00eatre connus \u2013 ceux-ci \u00e9tant soumis \u00e0 la confidentialit\u00e9 conform\u00e9ment aux dispositions l\u00e9gales en vigueur sur la protection des donn\u00e9es personnelles.<\/p><p><strong>Cookies pour le g\u00e9ociblage<\/strong><\/p><p>Ces cookies sont utilis\u00e9s par un logiciel qui d\u00e9termine de quel pays vous venez. C\u2019est compl\u00e8tement anonyme et il est utilis\u00e9 uniquement pour cibler le contenu \u2013 m\u00eame lorsque le visiteur est sur la page en langue roumaine ou dans une autre langue, il recevra la m\u00eame publicit\u00e9.<\/p><p><strong>Cookies pour l\u2019enregistrement<\/strong><\/p><p>Lorsque vous vous enregistrez sur un site, un cookie est g\u00e9n\u00e9r\u00e9 qui signale si vous \u00eates enregistr\u00e9 ou non. Les serveurs utilisent ces cookies pour indiquer le compte avec lequel vous \u00eates enregistr\u00e9 et si vous avez l\u2019autorisation pour un service particulier. Ils permettent \u00e9galement d&rsquo;associer tout commentaire publi\u00e9 sur le site \u00e0 votre nom d\u2019utilisateur. Si vous n&rsquo;avez pas s\u00e9lectionn\u00e9 \u00ab garder mon compte connect\u00e9 \u00bb, ce cookie sera automatiquement supprim\u00e9 lorsque vous fermerez le navigateur ou l&rsquo;ordinateur.<\/p><p><strong>Autres cookies de tiers<\/strong><\/p><p>Sur certaines pages, des tiers peuvent d\u00e9finir leurs propres cookies anonymes, afin de suivre le succ\u00e8s d&rsquo;une application ou de personnaliser une application.<\/p><p>Par exemple, lorsque vous partagez un article \u00e0 l&rsquo;aide du bouton des r\u00e9seaux sociaux pr\u00e9sent sur un site, ce r\u00e9seau social enregistrera votre activit\u00e9.<\/p><p><strong>Quel type d\u2019informations est stock\u00e9 et accessible via les cookies ?<\/strong><\/p><p>Les cookies stockent des informations dans un petit fichier texte qui permet \u00e0 un site web de reconna\u00eetre un navigateur. Le serveur web reconna\u00eetra le navigateur jusqu&rsquo;\u00e0 ce que le cookie expire ou soit supprim\u00e9.<\/p><p>Le cookie stocke des informations importantes qui am\u00e9liorent l\u2019exp\u00e9rience de navigation sur Internet (ex : les param\u00e8tres de langue souhait\u00e9e pour l&rsquo;acc\u00e8s \u00e0 un site ; garder un utilisateur connect\u00e9 \u00e0 son compte de webmail ; la s\u00e9curit\u00e9 de la banque en ligne ; la conservation des produits dans le panier d&rsquo;achat).<\/p><p><strong>Pourquoi les cookies sont-ils importants pour Internet ?<\/strong><\/p><p>Les cookies repr\u00e9sentent le point central du fonctionnement efficace d&rsquo;Internet, aidant \u00e0 g\u00e9n\u00e9rer une exp\u00e9rience de navigation conviviale et adapt\u00e9e aux pr\u00e9f\u00e9rences et int\u00e9r\u00eats de chaque utilisateur. Refuser ou d\u00e9sactiver les cookies peut rendre certains sites inutilisables.<\/p><p>Exemples d\u2019usages importants des cookies (qui ne n\u00e9cessitent pas l\u2019authentification d\u2019un utilisateur via un compte) :<\/p><ul class=\"wp-block-list\"><li>Contenu et services adapt\u00e9s aux pr\u00e9f\u00e9rences de l&rsquo;utilisateur \u2013 cat\u00e9gories de nouvelles, m\u00e9t\u00e9o, sports, cartes, services publics et gouvernementaux, sites de divertissement et services de voyage.<\/li>\n\n<li>Offres adapt\u00e9es aux int\u00e9r\u00eats des utilisateurs \u2013 m\u00e9morisation des mots de passe, pr\u00e9f\u00e9rences linguistiques (ex : affichage des r\u00e9sultats de recherche en langue roumaine).<\/li>\n\n<li>Conservation des filtres de protection des enfants concernant le contenu Internet (options de mode familial, fonctions de recherche s\u00e9curis\u00e9e).<\/li>\n\n<li>Mesure, optimisation et caract\u00e9ristiques d\u2019analytics \u2013 telles que la confirmation d\u2019un certain niveau de trafic sur un site web, le type de contenu visualis\u00e9 et la mani\u00e8re dont un utilisateur acc\u00e8de \u00e0 un site web (ex : via des moteurs de recherche, directement, depuis d&rsquo;autres sites). Les sites r\u00e9alisent ces analyses de leur utilisation pour am\u00e9liorer les sites au b\u00e9n\u00e9fice des utilisateurs.<\/li><\/ul><p><strong>S\u00e9curit\u00e9 et probl\u00e8mes li\u00e9s \u00e0 la confidentialit\u00e9<\/strong><\/p><p>Les cookies ne sont PAS des virus ! Ils utilisent des formats de texte simple. Ils ne sont pas compos\u00e9s de morceaux de code, ils ne peuvent donc pas \u00eatre ex\u00e9cut\u00e9s ni s\u2019auto-ex\u00e9cuter. Par cons\u00e9quent, ils ne peuvent pas \u00eatre dupliqu\u00e9s ou r\u00e9pliqu\u00e9s sur d\u2019autres r\u00e9seaux pour se lancer ou se r\u00e9pliquer de nouveau. \u00c9tant donn\u00e9 qu\u2019ils ne peuvent pas remplir ces fonctions, ils ne peuvent pas \u00eatre consid\u00e9r\u00e9s comme des virus.<\/p><p>Les cookies peuvent cependant \u00eatre utilis\u00e9s \u00e0 des fins n\u00e9gatives. \u00c9tant donn\u00e9 qu\u2019ils stockent des informations sur les pr\u00e9f\u00e9rences et l\u2019historique de navigation des utilisateurs, \u00e0 la fois sur un site donn\u00e9 et sur plusieurs autres sites, les cookies peuvent \u00eatre utilis\u00e9s comme une forme de spyware. De nombreux produits anti-spyware en sont conscients et marquent constamment les cookies pour suppression lors des proc\u00e9dures de nettoyage\/scan antivirus\/anti-spyware.<\/p><p>En g\u00e9n\u00e9ral, les navigateurs disposent de param\u00e8tres de confidentialit\u00e9 int\u00e9gr\u00e9s qui fournissent diff\u00e9rents niveaux d\u2019acceptation des cookies, de dur\u00e9e de validit\u00e9 et de suppression automatique apr\u00e8s que l&rsquo;utilisateur a visit\u00e9 un certain site.<\/p><p><strong>Conseils pour une navigation s\u00fbre et responsable, bas\u00e9e sur les cookies :<\/strong><\/p><ul class=\"wp-block-list\"><li>Personnalisez les param\u00e8tres de votre navigateur concernant les cookies afin de refl\u00e9ter un niveau de s\u00e9curit\u00e9 confortable pour vous.<\/li>\n\n<li>Si vous partagez l\u2019acc\u00e8s \u00e0 votre ordinateur, vous pouvez envisager de configurer le navigateur pour supprimer les donn\u00e9es individuelles de navigation chaque fois que vous fermez le navigateur. C\u2019est une option permettant d\u2019acc\u00e9der aux sites qui placent des cookies et de supprimer toute information de visite \u00e0 la fin de la session de navigation.<\/li>\n\n<li>Installez et mettez \u00e0 jour r\u00e9guli\u00e8rement des applications antispyware.<\/li>\n\n<li>De nombreuses applications de d\u00e9tection et de pr\u00e9vention des spyware incluent la d\u00e9tection des attaques sur les sites web. Ainsi, elles emp\u00eachent le navigateur d&rsquo;acc\u00e9der \u00e0 des sites susceptibles d\u2019exploiter les vuln\u00e9rabilit\u00e9s du navigateur ou de t\u00e9l\u00e9charger des logiciels dangereux.<\/li><\/ul><p><strong>Comment arr\u00eater les cookies ?<\/strong><\/p><p>La d\u00e9sactivation et le refus de recevoir des cookies peuvent rendre certains sites impraticables ou difficiles \u00e0 visiter et \u00e0 utiliser.<\/p><p>Il est possible de configurer le navigateur pour qu\u2019il n\u2019accepte plus ces cookies ou de configurer le navigateur pour accepter les cookies d\u2019un site sp\u00e9cifique. Mais, par exemple, si un visiteur n\u2019est pas enregistr\u00e9 en utilisant les cookies, il ne pourra pas laisser de commentaires.<\/p><p>Tous les navigateurs modernes offrent la possibilit\u00e9 de modifier les param\u00e8tres des cookies. Ces param\u00e8tres se trouvent g\u00e9n\u00e9ralement dans le menu Options \/ Param\u00e8tres ou dans le menu Pr\u00e9f\u00e9rences \/ Favoris du navigateur.<\/p>","protected":false},"excerpt":{"rendered":"<p>Veuillez lire attentivement les informations suivantes : Afin de respecter les exigences \u00e9tablies par la Directive europ\u00e9enne du 26 mai [&hellip;]<\/p>","protected":false},"author":1,"featured_media":0,"parent":0,"menu_order":0,"comment_status":"closed","ping_status":"closed","template":"","meta":{"site-sidebar-layout":"default","site-content-layout":"","ast-site-content-layout":"","site-content-style":"default","site-sidebar-style":"default","ast-global-header-display":"","ast-banner-title-visibility":"","ast-main-header-display":"","ast-hfb-above-header-display":"","ast-hfb-below-header-display":"","ast-hfb-mobile-header-display":"","site-post-title":"","ast-breadcrumbs-content":"","ast-featured-img":"","footer-sml-layout":"","theme-transparent-header-meta":"","adv-header-id-meta":"","stick-header-meta":"","header-above-stick-meta":"","header-main-stick-meta":"","header-below-stick-meta":"","astra-migrate-meta-layouts":"default","ast-page-background-enabled":"default","ast-page-background-meta":{"desktop":{"background-color":"var(--ast-global-color-5)","background-image":"","background-repeat":"repeat","background-position":"center center","background-size":"auto","background-attachment":"scroll","background-type":"","background-media":"","overlay-type":"","overlay-color":"","overlay-opacity":"","overlay-gradient":""},"tablet":{"background-color":"","background-image":"","background-repeat":"repeat","background-position":"center center","background-size":"auto","background-attachment":"scroll","background-type":"","background-media":"","overlay-type":"","overlay-color":"","overlay-opacity":"","overlay-gradient":""},"mobile":{"background-color":"","background-image":"","background-repeat":"repeat","background-position":"center center","background-size":"auto","background-attachment":"scroll","background-type":"","background-media":"","overlay-type":"","overlay-color":"","overlay-opacity":"","overlay-gradient":""}},"ast-content-background-meta":{"desktop":{"background-color":"var(--ast-global-color-4)","background-image":"","background-repeat":"repeat","background-position":"center center","background-size":"auto","background-attachment":"scroll","background-type":"","background-media":"","overlay-type":"","overlay-color":"","overlay-opacity":"","overlay-gradient":""},"tablet":{"background-color":"var(--ast-global-color-4)","background-image":"","background-repeat":"repeat","background-position":"center center","background-size":"auto","background-attachment":"scroll","background-type":"","background-media":"","overlay-type":"","overlay-color":"","overlay-opacity":"","overlay-gradient":""},"mobile":{"background-color":"var(--ast-global-color-4)","background-image":"","background-repeat":"repeat","background-position":"center center","background-size":"auto","background-attachment":"scroll","background-type":"","background-media":"","overlay-type":"","overlay-color":"","overlay-opacity":"","overlay-gradient":""}},"footnotes":""},"class_list":["post-4805","page","type-page","status-publish","hentry"],"yoast_head":"<!-- This site is optimized with the Yoast SEO plugin v25.3.1 - https:\/\/yoast.com\/wordpress\/plugins\/seo\/ -->\n<title>Politique d&#039;utilisation des cookies - Body Clinic Cannes<\/title>\n<meta name=\"robots\" content=\"index, follow, max-snippet:-1, max-image-preview:large, max-video-preview:-1\" \/>\n<link rel=\"canonical\" href=\"https:\/\/bodyclinic-cannes.com\/en\/politique-dutilisation-des-cookies\/\" \/>\n<meta property=\"og:locale\" content=\"en_GB\" \/>\n<meta property=\"og:type\" content=\"article\" \/>\n<meta property=\"og:title\" content=\"Politique d&#039;utilisation des cookies - Body Clinic Cannes\" \/>\n<meta property=\"og:description\" content=\"Veuillez lire attentivement les informations suivantes : Afin de respecter les exigences \u00e9tablies par la Directive europ\u00e9enne du 26 mai [&hellip;]\" \/>\n<meta property=\"og:url\" content=\"https:\/\/bodyclinic-cannes.com\/en\/politique-dutilisation-des-cookies\/\" \/>\n<meta property=\"og:site_name\" content=\"Body Clinic Cannes\" \/>\n<meta property=\"article:modified_time\" content=\"2025-06-25T07:09:45+00:00\" \/>\n<meta name=\"twitter:card\" content=\"summary_large_image\" \/>\n<meta name=\"twitter:label1\" content=\"Estimated reading time\" \/>\n\t<meta name=\"twitter:data1\" content=\"11 minutes\" \/>\n<script type=\"application\/ld+json\" class=\"yoast-schema-graph\">{\"@context\":\"https:\/\/schema.org\",\"@graph\":[{\"@type\":\"WebPage\",\"@id\":\"https:\/\/bodyclinic-cannes.com\/politique-dutilisation-des-cookies\/\",\"url\":\"https:\/\/bodyclinic-cannes.com\/politique-dutilisation-des-cookies\/\",\"name\":\"Politique d'utilisation des cookies - Body Clinic Cannes\",\"isPartOf\":{\"@id\":\"https:\/\/bodyclinic-cannes.com\/#website\"},\"datePublished\":\"2025-06-25T07:09:44+00:00\",\"dateModified\":\"2025-06-25T07:09:45+00:00\",\"breadcrumb\":{\"@id\":\"https:\/\/bodyclinic-cannes.com\/politique-dutilisation-des-cookies\/#breadcrumb\"},\"inLanguage\":\"en-GB\",\"potentialAction\":[{\"@type\":\"ReadAction\",\"target\":[\"https:\/\/bodyclinic-cannes.com\/politique-dutilisation-des-cookies\/\"]}]},{\"@type\":\"BreadcrumbList\",\"@id\":\"https:\/\/bodyclinic-cannes.com\/politique-dutilisation-des-cookies\/#breadcrumb\",\"itemListElement\":[{\"@type\":\"ListItem\",\"position\":1,\"name\":\"Home\",\"item\":\"https:\/\/bodyclinic-cannes.com\/\"},{\"@type\":\"ListItem\",\"position\":2,\"name\":\"Politique d&#8217;utilisation des cookies\"}]},{\"@type\":\"WebSite\",\"@id\":\"https:\/\/bodyclinic-cannes.com\/#website\",\"url\":\"https:\/\/bodyclinic-cannes.com\/\",\"name\":\"Body Clinic Cannes\",\"description\":\"Centre M&eacute;dical Esthetique Cannes\",\"publisher\":{\"@id\":\"https:\/\/bodyclinic-cannes.com\/#organization\"},\"potentialAction\":[{\"@type\":\"SearchAction\",\"target\":{\"@type\":\"EntryPoint\",\"urlTemplate\":\"https:\/\/bodyclinic-cannes.com\/?s={search_term_string}\"},\"query-input\":{\"@type\":\"PropertyValueSpecification\",\"valueRequired\":true,\"valueName\":\"search_term_string\"}}],\"inLanguage\":\"en-GB\"},{\"@type\":\"Organization\",\"@id\":\"https:\/\/bodyclinic-cannes.com\/#organization\",\"name\":\"Body Clinic Cannes\",\"url\":\"https:\/\/bodyclinic-cannes.com\/\",\"logo\":{\"@type\":\"ImageObject\",\"inLanguage\":\"en-GB\",\"@id\":\"https:\/\/bodyclinic-cannes.com\/#\/schema\/logo\/image\/\",\"url\":\"https:\/\/bodyclinic-cannes.com\/wp-content\/uploads\/2025\/02\/face-body-clinic-logo-160.png\",\"contentUrl\":\"https:\/\/bodyclinic-cannes.com\/wp-content\/uploads\/2025\/02\/face-body-clinic-logo-160.png\",\"width\":160,\"height\":84,\"caption\":\"Body Clinic Cannes\"},\"image\":{\"@id\":\"https:\/\/bodyclinic-cannes.com\/#\/schema\/logo\/image\/\"}}]}<\/script>\n<!-- \/ Yoast SEO plugin. -->","yoast_head_json":{"title":"Politique d'utilisation des cookies - Body Clinic Cannes","robots":{"index":"index","follow":"follow","max-snippet":"max-snippet:-1","max-image-preview":"max-image-preview:large","max-video-preview":"max-video-preview:-1"},"canonical":"https:\/\/bodyclinic-cannes.com\/en\/politique-dutilisation-des-cookies\/","og_locale":"en_GB","og_type":"article","og_title":"Politique d'utilisation des cookies - Body Clinic Cannes","og_description":"Veuillez lire attentivement les informations suivantes : Afin de respecter les exigences \u00e9tablies par la Directive europ\u00e9enne du 26 mai [&hellip;]","og_url":"https:\/\/bodyclinic-cannes.com\/en\/politique-dutilisation-des-cookies\/","og_site_name":"Body Clinic Cannes","article_modified_time":"2025-06-25T07:09:45+00:00","twitter_card":"summary_large_image","twitter_misc":{"Estimated reading time":"11 minutes"},"schema":{"@context":"https:\/\/schema.org","@graph":[{"@type":"WebPage","@id":"https:\/\/bodyclinic-cannes.com\/politique-dutilisation-des-cookies\/","url":"https:\/\/bodyclinic-cannes.com\/politique-dutilisation-des-cookies\/","name":"Politique d'utilisation des cookies - Body Clinic Cannes","isPartOf":{"@id":"https:\/\/bodyclinic-cannes.com\/#website"},"datePublished":"2025-06-25T07:09:44+00:00","dateModified":"2025-06-25T07:09:45+00:00","breadcrumb":{"@id":"https:\/\/bodyclinic-cannes.com\/politique-dutilisation-des-cookies\/#breadcrumb"},"inLanguage":"en-GB","potentialAction":[{"@type":"ReadAction","target":["https:\/\/bodyclinic-cannes.com\/politique-dutilisation-des-cookies\/"]}]},{"@type":"BreadcrumbList","@id":"https:\/\/bodyclinic-cannes.com\/politique-dutilisation-des-cookies\/#breadcrumb","itemListElement":[{"@type":"ListItem","position":1,"name":"Home","item":"https:\/\/bodyclinic-cannes.com\/"},{"@type":"ListItem","position":2,"name":"Politique d&#8217;utilisation des cookies"}]},{"@type":"WebSite","@id":"https:\/\/bodyclinic-cannes.com\/#website","url":"https:\/\/bodyclinic-cannes.com\/","name":"Body Clinic Cannes","description":"Centre M&eacute;dical Esthetique Cannes","publisher":{"@id":"https:\/\/bodyclinic-cannes.com\/#organization"},"potentialAction":[{"@type":"SearchAction","target":{"@type":"EntryPoint","urlTemplate":"https:\/\/bodyclinic-cannes.com\/?s={search_term_string}"},"query-input":{"@type":"PropertyValueSpecification","valueRequired":true,"valueName":"search_term_string"}}],"inLanguage":"en-GB"},{"@type":"Organization","@id":"https:\/\/bodyclinic-cannes.com\/#organization","name":"Body Clinic Cannes","url":"https:\/\/bodyclinic-cannes.com\/","logo":{"@type":"ImageObject","inLanguage":"en-GB","@id":"https:\/\/bodyclinic-cannes.com\/#\/schema\/logo\/image\/","url":"https:\/\/bodyclinic-cannes.com\/wp-content\/uploads\/2025\/02\/face-body-clinic-logo-160.png","contentUrl":"https:\/\/bodyclinic-cannes.com\/wp-content\/uploads\/2025\/02\/face-body-clinic-logo-160.png","width":160,"height":84,"caption":"Body Clinic Cannes"},"image":{"@id":"https:\/\/bodyclinic-cannes.com\/#\/schema\/logo\/image\/"}}]}},"jetpack_sharing_enabled":true,"_links":{"self":[{"href":"https:\/\/bodyclinic-cannes.com\/en\/wp-json\/wp\/v2\/pages\/4805","targetHints":{"allow":["GET"]}}],"collection":[{"href":"https:\/\/bodyclinic-cannes.com\/en\/wp-json\/wp\/v2\/pages"}],"about":[{"href":"https:\/\/bodyclinic-cannes.com\/en\/wp-json\/wp\/v2\/types\/page"}],"author":[{"embeddable":true,"href":"https:\/\/bodyclinic-cannes.com\/en\/wp-json\/wp\/v2\/users\/1"}],"replies":[{"embeddable":true,"href":"https:\/\/bodyclinic-cannes.com\/en\/wp-json\/wp\/v2\/comments?post=4805"}],"version-history":[{"count":1,"href":"https:\/\/bodyclinic-cannes.com\/en\/wp-json\/wp\/v2\/pages\/4805\/revisions"}],"predecessor-version":[{"id":4806,"href":"https:\/\/bodyclinic-cannes.com\/en\/wp-json\/wp\/v2\/pages\/4805\/revisions\/4806"}],"wp:attachment":[{"href":"https:\/\/bodyclinic-cannes.com\/en\/wp-json\/wp\/v2\/media?parent=4805"}],"curies":[{"name":"wp","href":"https:\/\/api.w.org\/{rel}","templated":true}]}}